{"id":1030,"date":"2015-09-11T11:00:22","date_gmt":"2016-10-19T14:21:51","guid":{"rendered":"https:\/\/www.recyl.com\/es\/?post_type=product&#038;p=1030"},"modified":"2025-03-07T11:30:36","modified_gmt":"2025-03-07T10:30:36","slug":"magiclox-limpieza-de-anilox","status":"publish","type":"product","link":"https:\/\/www.recyl.com\/es\/productos\/productos-de-limpieza\/for-cylinders-es\/magiclox-limpieza-de-anilox\/","title":{"rendered":"Magic&#8217;Lox &#8211; Limpieza de anilox"},"content":{"rendered":"<h3><span style=\"color: #808080;\"><strong>Magic&#8217;Lox<\/strong>: limpieza universal de anilox, planchas y partes<\/span><\/h3>\r\nSpray de limpieza para <strong>cilindros cer\u00e1micos<\/strong>\u00a0y <strong>cromados<\/strong>, planchas y partes.\r\n\u00a1Para limpiar todo tipo de tintas en un instante y en cualquier momento!\r\n\r\n&nbsp;\r\n\r\n&nbsp;\r\n\r\n<strong>Magic&#8217;Lox<\/strong> es un producto de uso f\u00e1cil para las tareas dif\u00edciles. \u00a1T\u00e9ngalo siempre a mano!\r\n\r\nAnilox, sleeve, plancha, borboteador, pieza de m\u00e1quina&#8230; en resumen, cualquier superficie sucia que deba limpiarse r\u00e1pidamente despu\u00e9s o durante la producci\u00f3n.\r\n\r\n&nbsp;\r\n\r\n&nbsp;\r\n\r\n<strong>Propiedades<\/strong>:\r\n<ul>\r\n \t<li style=\"list-style-type: none;\">\r\n<ul>\r\n \t<li>F\u00e1cil de usar<\/li>\r\n \t<li>Limpieza r\u00e1pida y c\u00f3moda<\/li>\r\n \t<li>Compatibilidad con diferentes tintas y piezas<\/li>\r\n<\/ul>\r\n<\/li>\r\n<\/ul>\r\n&nbsp;\r\n\r\n<strong>Instrucciones de uso<\/strong>:\r\n<ul>\r\n \t<li style=\"list-style-type: none;\">\r\n<ul>\r\n \t<li>Aerosol listo para usar<\/li>\r\n \t<li>Agitar bien antes de cada uso. Pulverizar el producto sobre el soporte a limpiar. Dejar actuar unos segundos hasta unos minutos. Limpie con un pa\u00f1o suave<\/li>\r\n \t<li>En caso de sobre espesor o tintas muy dif\u00edciles, renovar la operaci\u00f3n y cepillar con un cepillo especial RECYL<\/li>\r\n<\/ul>\r\n<\/li>\r\n<\/ul>\r\n&nbsp;\r\n\r\n<strong>Embalaje<\/strong>: <span style=\"color: #000000;\">el producto <strong>Magic&#8217;Lox<\/strong> est\u00e1 disponible en aerosol de 0.4 L y se vende por caja de 12 botellas.<\/span>\r\n\r\n&nbsp;\r\n\r\n&nbsp;\r\n\r\n<em>P<\/em><em>ara m\u00e1s informaci\u00f3n, p\u00f3ngase en contacto con nuestro equipo comercial.<\/em>\r\n\r\n&nbsp;","protected":false},"excerpt":{"rendered":"<p>Magic&#8217;Lox: limpieza universal de anilox, planchas y partes Spray de limpieza para cilindros cer\u00e1micos\u00a0y cromados, planchas y partes. \u00a1Para limpiar todo tipo de tintas en un instante y en cualquier momento! &nbsp; &nbsp; Magic&#8217;Lox es un producto de uso f\u00e1cil para las tareas dif\u00edciles. \u00a1T\u00e9ngalo siempre a mano! Anilox, sleeve, plancha, borboteador, pieza de m\u00e1quina&#8230; &hellip; <a href=\"https:\/\/www.recyl.com\/es\/productos\/productos-de-limpieza\/for-cylinders-es\/magiclox-limpieza-de-anilox\/\" class=\"more-link\">Seguir leyendo <span class=\"screen-reader-text\">Magic&#8217;Lox &#8211; Limpieza de anilox<\/span> <span class=\"meta-nav\">&rarr;<\/span><\/a><\/p>\n","protected":false},"featured_media":4194,"comment_status":"open","ping_status":"closed","template":"","meta":[],"product_cat":[521,185],"product_tag":[],"class_list":{"0":"post-1030","1":"product","2":"type-product","3":"status-publish","4":"has-post-thumbnail","6":"product_cat-for-cylinders-es","7":"product_cat-productos-de-limpieza","8":"pa_filtre-carton","9":"pa_filtre-embalaje-flexible","10":"pa_filtre-etiqueta","11":"pa_pdf-https-www-recyl-com-wp-content-uploads-2025-02-recyl_tds_magiclox_es_2025-02-pdf","13":"first","14":"instock","15":"shipping-taxable","16":"product-type-simple"},"_links":{"self":[{"href":"https:\/\/www.recyl.com\/es\/wp-json\/wp\/v2\/product\/1030"}],"collection":[{"href":"https:\/\/www.recyl.com\/es\/wp-json\/wp\/v2\/product"}],"about":[{"href":"https:\/\/www.recyl.com\/es\/wp-json\/wp\/v2\/types\/product"}],"replies":[{"embeddable":true,"href":"https:\/\/www.recyl.com\/es\/wp-json\/wp\/v2\/comments?post=1030"}],"wp:featuredmedia":[{"embeddable":true,"href":"https:\/\/www.recyl.com\/es\/wp-json\/wp\/v2\/media\/4194"}],"wp:attachment":[{"href":"https:\/\/www.recyl.com\/es\/wp-json\/wp\/v2\/media?parent=1030"}],"wp:term":[{"taxonomy":"product_cat","embeddable":true,"href":"https:\/\/www.recyl.com\/es\/wp-json\/wp\/v2\/product_cat?post=1030"},{"taxonomy":"product_tag","embeddable":true,"href":"https:\/\/www.recyl.com\/es\/wp-json\/wp\/v2\/product_tag?post=1030"}],"curies":[{"name":"wp","href":"https:\/\/api.w.org\/{rel}","templated":true}]}}