{"id":1660,"date":"2017-05-31T11:07:20","date_gmt":"2017-05-31T10:07:20","guid":{"rendered":"https:\/\/www.recyl.com\/es\/products\/non%20class\u00e9\/nw-alusafe\/"},"modified":"2025-03-06T17:21:16","modified_gmt":"2025-03-06T16:21:16","slug":"alu-clean-pro","status":"publish","type":"product","link":"https:\/\/www.recyl.com\/es\/productos\/productos-de-limpieza\/en-maquina\/alu-clean-pro\/","title":{"rendered":"Alu Clean Pro &#8211; Producto de limpieza, aluminio especial"},"content":{"rendered":"<h3><span style=\"color: #808080;\"><strong>Alu Clean Pro<\/strong>: producto de limpieza en m\u00e1quinas, especial para anilox y piezas que contienen aluminio<\/span><\/h3>\r\nEl nuevo producto de limpieza <strong>Alu Clean Pro <\/strong>es particularmente adecuado para la limpieza de Anilox cer\u00e1micos o cromados y piezas diversas, en presencia de aluminio, y es apto para todo tipo de tintas.\r\n\r\n&nbsp;\r\n\r\n<strong>Alu Clean Pro<\/strong> se adapta perfectamente a las m\u00e1quinas de limpieza de ultrasonidos Recyl <a href=\"https:\/\/www.recyl.com\/es\/productos\/equipos-de-lavado\/para-cilindros-anilox\/nextwave\/\" target=\"_blank\" rel=\"noopener noreferrer\"><strong>NextWave<\/strong><\/a> o a la gama de m\u00e1quinas <a href=\"https:\/\/www.recyl.com\/es\/productos\/equipos-de-lavado\/para-cilindros-anilox\/anilox-spray-cleaner\/\" target=\"_blank\" rel=\"noopener noreferrer\"><strong>Anilox Spray Cleaner<\/strong><\/a>.\r\n\r\n&nbsp;\r\n\r\n&nbsp;\r\n\r\n<strong>Propiedades: <\/strong>\r\n<ul>\r\n \t<li>pH neutro<\/li>\r\n \t<li>Bajo olor<\/li>\r\n \t<li>Contiene un inhibidor de corrosi\u00f3n<\/li>\r\n \t<li>No inflamable (altos puntos de inflamaci\u00f3n y ebullici\u00f3n): sin restricciones de almacenamiento y uso<\/li>\r\n \t<li>No contiene COV seg\u00fan la Directiva 1999\/13\/CE del 11 de marzo de 1999<\/li>\r\n \t<li>El producto no est\u00e1 clasificado como peligroso de acuerdo con el Reglamento (CE) n\u00b0 1272\/2008 y sus adaptaciones<\/li>\r\n<\/ul>\r\n<em>\u00a0<\/em>\r\n\r\n<strong>Instrucciones de uso:<\/strong>\r\n<ul>\r\n \t<li>Producto listo para usar, diluci\u00f3n posible hasta (1:2) en m\u00e1quinas (ASC o NextWave)<\/li>\r\n \t<li>Limpieza en lavadora: consultar el manual de instrucciones de la m\u00e1quina (tipo <a href=\"https:\/\/www.recyl.com\/es\/productos\/equipos-de-lavado\/para-cilindros-anilox\/anilox-spray-cleaner\/\" target=\"_blank\" rel=\"noopener\">ASC<\/a> o <a href=\"https:\/\/www.recyl.com\/es\/productos\/equipos-de-lavado\/para-cilindros-anilox\/nextwave\/\" target=\"_blank\" rel=\"noopener\">NextWave<\/a>)<\/li>\r\n<\/ul>\r\n&nbsp;\r\n\r\n<strong>Embalaje<\/strong>:<span style=\"color: #000000;\"> el producto <strong>Alu Clean Pro <\/strong>est\u00e1 disponible en bidones de HDPE de 20L.<\/span>\r\n\r\n&nbsp;\r\n\r\n&nbsp;\r\n\r\n<em>Para m\u00e1s informaci\u00f3n, p\u00f3ngase en contacto con nuestro equipo comercial.<\/em>\r\n\r\n&nbsp;","protected":false},"excerpt":{"rendered":"<p>Alu Clean Pro: producto de limpieza en m\u00e1quinas, especial para anilox y piezas que contienen aluminio El nuevo producto de limpieza Alu Clean Pro es particularmente adecuado para la limpieza de Anilox cer\u00e1micos o cromados y piezas diversas, en presencia de aluminio, y es apto para todo tipo de tintas. &nbsp; Alu Clean Pro se &hellip; <a href=\"https:\/\/www.recyl.com\/es\/productos\/productos-de-limpieza\/en-maquina\/alu-clean-pro\/\" class=\"more-link\">Seguir leyendo <span class=\"screen-reader-text\">Alu Clean Pro &#8211; Producto de limpieza, aluminio especial<\/span> <span class=\"meta-nav\">&rarr;<\/span><\/a><\/p>\n","protected":false},"featured_media":4798,"comment_status":"closed","ping_status":"closed","template":"","meta":[],"product_cat":[185,189],"product_tag":[],"class_list":{"0":"post-1660","1":"product","2":"type-product","3":"status-publish","4":"has-post-thumbnail","6":"product_cat-productos-de-limpieza","7":"product_cat-en-maquina","8":"pa_filtre-carton","9":"pa_filtre-embalaje-flexible","10":"pa_filtre-etiqueta","11":"pa_pdf-https-www-recyl-com-wp-content-uploads-2025-03-recyl_tds_alu-clean-pro_es_2025-02-1-pdf","13":"first","14":"instock","15":"shipping-taxable","16":"product-type-simple"},"_links":{"self":[{"href":"https:\/\/www.recyl.com\/es\/wp-json\/wp\/v2\/product\/1660"}],"collection":[{"href":"https:\/\/www.recyl.com\/es\/wp-json\/wp\/v2\/product"}],"about":[{"href":"https:\/\/www.recyl.com\/es\/wp-json\/wp\/v2\/types\/product"}],"replies":[{"embeddable":true,"href":"https:\/\/www.recyl.com\/es\/wp-json\/wp\/v2\/comments?post=1660"}],"wp:featuredmedia":[{"embeddable":true,"href":"https:\/\/www.recyl.com\/es\/wp-json\/wp\/v2\/media\/4798"}],"wp:attachment":[{"href":"https:\/\/www.recyl.com\/es\/wp-json\/wp\/v2\/media?parent=1660"}],"wp:term":[{"taxonomy":"product_cat","embeddable":true,"href":"https:\/\/www.recyl.com\/es\/wp-json\/wp\/v2\/product_cat?post=1660"},{"taxonomy":"product_tag","embeddable":true,"href":"https:\/\/www.recyl.com\/es\/wp-json\/wp\/v2\/product_tag?post=1660"}],"curies":[{"name":"wp","href":"https:\/\/api.w.org\/{rel}","templated":true}]}}