{"id":1680,"date":"2017-05-31T15:16:13","date_gmt":"2017-05-31T14:16:13","guid":{"rendered":"https:\/\/www.recyl.com\/es\/products\/non%20class\u00e9\/cliche-cleaner-nettoyage-cliches\/"},"modified":"2025-07-31T12:09:33","modified_gmt":"2025-07-31T11:09:33","slug":"cliche-cleaner-nettoyage-cliches","status":"publish","type":"product","link":"https:\/\/www.recyl.com\/es\/productos\/equipos-de-lavado\/para-cliches-es\/cliche-cleaner-nettoyage-cliches\/","title":{"rendered":"Clich\u00e9 Cleaner &#8211; Limpieza de clich\u00e9s"},"content":{"rendered":"<h3><span style=\"color: #808080;\"><strong>Clich\u00e9 Cleaner<\/strong>: Lavado, aclarado y secado de clich\u00e9s totalmente automatizado<\/span><\/h3>\r\n<strong>Gama Clich\u00e9 Cleaner:<\/strong> nuevo concepto de limpieza con un proceso m\u00e1s sencillo, fiable y eficiente gracias a sus 2 cepillos laterales.\r\n\r\n&nbsp;\r\n<p style=\"text-align: center;\"><a href=\"https:\/\/www.recyl.com\/wp-content\/uploads\/2017\/05\/CC45-Rolls.png\"><img loading=\"lazy\" decoding=\"async\" class=\"alignnone size-medium wp-image-1368\" src=\"https:\/\/www.recyl.com\/wp-content\/uploads\/2017\/05\/CC45-Rolls-300x126.png\" alt=\"\" width=\"300\" height=\"126\" srcset=\"https:\/\/www.recyl.com\/wp-content\/uploads\/2017\/05\/CC45-Rolls-300x126.png 300w, https:\/\/www.recyl.com\/wp-content\/uploads\/2017\/05\/CC45-Rolls-180x76.png 180w, https:\/\/www.recyl.com\/wp-content\/uploads\/2017\/05\/CC45-Rolls.png 425w\" sizes=\"(max-width: 300px) 100vw, 300px\" \/><\/a><\/p>\r\n&nbsp;\r\n\r\nLos clich\u00e9s se pueden transportar manual o autom\u00e1ticamente en la m\u00e1quina mediante un transportador (opcional).\r\n\r\n&nbsp;\r\n\r\nDespu\u00e9s de limpiar, enjuagar y secar, los clich\u00e9s est\u00e1n inmediatamente listas para su almacenamiento o reutilizaci\u00f3n para otra tirada.\r\n\r\n&nbsp;\r\n\r\n&nbsp;\r\n\r\nLa gama <strong>Clich\u00e9 Cleaner<\/strong> est\u00e1 disponible en 7 modelos para anchuras m\u00e1ximas de clich\u00e9 de 45, 65, 82, 92, 115, 140 y 180 cm, por lo que se adapta a las distintas necesidades de los impresores en los mercados de peque\u00f1os, medios y grandes anchos.\r\n\r\n&nbsp;\r\n\r\n&nbsp;\r\n\r\nLa m\u00e1quina<strong> Clich\u00e9 Cleaner<\/strong> puede limpiar clich\u00e9s sucios con cualquier tipo de tinta y se utiliza con nuestros productos de limpieza Recyl :\r\n<ul>\r\n \t<li>Quick\u2019Wash Flex, Quick\u2019Wash UV: para anchos peque\u00f1os, etiquetas<\/li>\r\n \t<li>Quick\u2019Wash Clich\u00e9, <a href=\"https:\/\/www.recyl.com\/es\/productos\/productos-de-limpieza\/para-cliches\/quickwash-resolv-nuevo-producto-de-limpieza-para-planchas\/\" target=\"_blank\" rel=\"noopener\">Quick\u2019Wash Resolv<\/a> (<span class=\"HwtZe\" lang=\"es\"><span class=\"jCAhz ChMk0b\"><span class=\"ryNqvb\">\u00a1nuevo!<\/span><\/span><\/span>), Quick\u2019Wash Solvant\/Solvant PU: para anchos medios y embalaje flexible<\/li>\r\n \t<li>Quick\u2019Wash Booster\/Booster Plus &amp; Quick\u2019Wash Premium: para anchos grandes y cart\u00f3n corrugado.<\/li>\r\n<\/ul>\r\n&nbsp;\r\n\r\n<em>Para m\u00e1s informaci\u00f3n, p\u00f3ngase en contacto con nuestro equipo comercial.<\/em>\r\n\r\n&nbsp;","protected":false},"excerpt":{"rendered":"<p>Clich\u00e9 Cleaner: Lavado, aclarado y secado de clich\u00e9s totalmente automatizado Gama Clich\u00e9 Cleaner: nuevo concepto de limpieza con un proceso m\u00e1s sencillo, fiable y eficiente gracias a sus 2 cepillos laterales. &nbsp; &nbsp; Los clich\u00e9s se pueden transportar manual o autom\u00e1ticamente en la m\u00e1quina mediante un transportador (opcional). &nbsp; Despu\u00e9s de limpiar, enjuagar y secar, &hellip; <a href=\"https:\/\/www.recyl.com\/es\/productos\/equipos-de-lavado\/para-cliches-es\/cliche-cleaner-nettoyage-cliches\/\" class=\"more-link\">Seguir leyendo <span class=\"screen-reader-text\">Clich\u00e9 Cleaner &#8211; Limpieza de clich\u00e9s<\/span> <span class=\"meta-nav\">&rarr;<\/span><\/a><\/p>\n","protected":false},"featured_media":1510,"comment_status":"closed","ping_status":"closed","template":"","meta":[],"product_cat":[191,193],"product_tag":[],"class_list":{"0":"post-1680","1":"product","2":"type-product","3":"status-publish","4":"has-post-thumbnail","6":"product_cat-equipos-de-lavado","7":"product_cat-para-cliches-es","8":"pa_filtre-carton","9":"pa_filtre-embalaje-flexible","10":"pa_filtre-etiqueta","11":"pa_video-https-www-youtube-com-watchv7rcrb0tmkssrel1-es","13":"first","14":"instock","15":"shipping-taxable","16":"product-type-simple"},"_links":{"self":[{"href":"https:\/\/www.recyl.com\/es\/wp-json\/wp\/v2\/product\/1680"}],"collection":[{"href":"https:\/\/www.recyl.com\/es\/wp-json\/wp\/v2\/product"}],"about":[{"href":"https:\/\/www.recyl.com\/es\/wp-json\/wp\/v2\/types\/product"}],"replies":[{"embeddable":true,"href":"https:\/\/www.recyl.com\/es\/wp-json\/wp\/v2\/comments?post=1680"}],"wp:featuredmedia":[{"embeddable":true,"href":"https:\/\/www.recyl.com\/es\/wp-json\/wp\/v2\/media\/1510"}],"wp:attachment":[{"href":"https:\/\/www.recyl.com\/es\/wp-json\/wp\/v2\/media?parent=1680"}],"wp:term":[{"taxonomy":"product_cat","embeddable":true,"href":"https:\/\/www.recyl.com\/es\/wp-json\/wp\/v2\/product_cat?post=1680"},{"taxonomy":"product_tag","embeddable":true,"href":"https:\/\/www.recyl.com\/es\/wp-json\/wp\/v2\/product_tag?post=1680"}],"curies":[{"name":"wp","href":"https:\/\/api.w.org\/{rel}","templated":true}]}}