{"id":1688,"date":"2017-05-31T15:50:01","date_gmt":"2017-05-31T14:50:01","guid":{"rendered":"https:\/\/www.recyl.com\/es\/products\/non%20class\u00e9\/quick-wash-flex\/"},"modified":"2025-02-20T17:02:59","modified_gmt":"2025-02-20T16:02:59","slug":"quick-wash-flex","status":"publish","type":"product","link":"https:\/\/www.recyl.com\/es\/productos\/productos-de-limpieza\/para-partes-cliches\/quick-wash-flex\/","title":{"rendered":"Quick&#8217;Wash Flex &#8211; Producto de limpieza para piezas, planchas y grupos de impresi\u00f3n"},"content":{"rendered":"<h3><span style=\"color: #808080;\"><strong>Quick&#8217;Wash Flex<\/strong>: producto de limpieza para piezas contaminadas por tintas UV y al agua<\/span><strong>\r\n<\/strong><\/h3>\r\nEl producto de limpieza <strong>Quick&#8217;Wash Flex<\/strong> es particularmente adecuado para la limpieza de tintas UV o de base agua para sus:\r\n<ul>\r\n \t<li>piezas como tinteros, rasquetas, c\u00e1maras de rasquetas, etc.<\/li>\r\n \t<li>planchas de fotopol\u00edmero<\/li>\r\n \t<li>unidades de impresi\u00f3n<\/li>\r\n<\/ul>\r\n&nbsp;\r\n\r\n<strong>Propiedades:<\/strong>\r\n<ul>\r\n \t<li style=\"list-style-type: none;\">\r\n<ul>\r\n \t<li>pH entre 10 y 11<\/li>\r\n \t<li>No inflamable (altos puntos de inflamaci\u00f3n y ebullici\u00f3n): sin restricciones de almacenamiento y uso<\/li>\r\n \t<li>Compatible con aluminio<\/li>\r\n \t<li>Vers\u00e1til: puede limpiar tintas UV y tintas de agua<\/li>\r\n<\/ul>\r\n<\/li>\r\n<\/ul>\r\n&nbsp;\r\n\r\n<strong>Instrucciones de uso:<\/strong>\r\n<ul>\r\n \t<li style=\"list-style-type: none;\">\r\n<ul>\r\n \t<li>Producto concentrado, diluible seg\u00fan la dificultad de limpieza<\/li>\r\n \t<li>Limpieza manual:\r\n&#8211; Aplicar -con guantes- el producto directamente sobre la superficie sucia. Dejar actuar unos minutos. Enjuagar con agua limpia\r\n&#8211; Para obtener mejores resultados, cepillar la superficie con un cepillo RECYL adecuado<\/li>\r\n \t<li>Limpieza en lavadora: consultar el manual de instrucciones de la m\u00e1quina (tipo <a href=\"https:\/\/www.recyl.com\/es\/productos\/equipos-de-lavado\/para-partes\/simplex-limpieza-chimica-de-las-partes\/\" target=\"_blank\" rel=\"noopener\">Simplex<\/a> o <a href=\"https:\/\/www.recyl.com\/es\/productos\/equipos-de-lavado\/para-cliches-es\/cliche-cleaner-nettoyage-cliches\/\" target=\"_blank\" rel=\"noopener\">Clich\u00e9 Cleaner<\/a>)<\/li>\r\n<\/ul>\r\n<\/li>\r\n<\/ul>\r\n&nbsp;\r\n\r\n<strong>\r\n<\/strong><strong>Embalaje<\/strong>: <strong>Quick&#8217;Wash Flex<\/strong> est\u00e1 disponible en bidones de HDPE de 20L y tambores de 220L.\r\n\r\n&nbsp;\r\n\r\n<em>\u00a0<\/em><img loading=\"lazy\" decoding=\"async\" class=\"wp-image-4790 alignnone\" src=\"https:\/\/www.recyl.com\/wp-content\/uploads\/2024\/06\/Picto-Eco-Recharge.png\" alt=\"Eco-Recharge\" width=\"70\" height=\"78\" srcset=\"https:\/\/www.recyl.com\/wp-content\/uploads\/2024\/06\/Picto-Eco-Recharge.png 743w, https:\/\/www.recyl.com\/wp-content\/uploads\/2024\/06\/Picto-Eco-Recharge-270x300.png 270w, https:\/\/www.recyl.com\/wp-content\/uploads\/2024\/06\/Picto-Eco-Recharge-300x333.png 300w\" sizes=\"(max-width: 70px) 100vw, 70px\" \/><strong>Quick&#8217;Wash Flex<\/strong> tambi\u00e9n est\u00e1 disponible en Eco-Recharge.\r\n<em>\u00a0\u00a0\u00a0\u00a0\u00a0\u00a0\u00a0\u00a0\u00a0\u00a0\u00a0\u00a0\u00a0\u00a0 (Ver la ficha t\u00e9cnica del Eco-Recharge<span id=\"result_box\" class=\"short_text\" lang=\"de\"> <a href=\"https:\/\/www.recyl.com\/wp-content\/uploads\/2025\/02\/Recyl_TDS_QW-Flex-Eco-Rech_ES_2025-02.pdf\" target=\"_blank\" rel=\"noopener\"><img loading=\"lazy\" decoding=\"async\" class=\"alignnone wp-image-1635\" src=\"https:\/\/www.recyl.com\/wp-content\/uploads\/2018\/08\/Picto-pdf-NB.jpg\" alt=\"\" width=\"25\" height=\"30\" \/><\/a> <\/span>)<\/em><em>.<\/em>\r\n<em>\u00a0\u00a0\u00a0\u00a0\u00a0\u00a0\u00a0\u00a0\u00a0\u00a0\u00a0\u00a0\u00a0\u00a0\u00a0\u00a0\u00a0\u00a0\u00a0<\/em>\r\n\r\n&nbsp;\r\n\r\n<em>Para m\u00e1s informaci\u00f3n, p\u00f3ngase en contacto con nuestro equipo comercial.<\/em>\r\n\r\n&nbsp;","protected":false},"excerpt":{"rendered":"<p>Quick&#8217;Wash Flex: producto de limpieza para piezas contaminadas por tintas UV y al agua El producto de limpieza Quick&#8217;Wash Flex es particularmente adecuado para la limpieza de tintas UV o de base agua para sus: piezas como tinteros, rasquetas, c\u00e1maras de rasquetas, etc. planchas de fotopol\u00edmero unidades de impresi\u00f3n &nbsp; Propiedades: pH entre 10 y &hellip; <a href=\"https:\/\/www.recyl.com\/es\/productos\/productos-de-limpieza\/para-partes-cliches\/quick-wash-flex\/\" class=\"more-link\">Seguir leyendo <span class=\"screen-reader-text\">Quick&#8217;Wash Flex &#8211; Producto de limpieza para piezas, planchas y grupos de impresi\u00f3n<\/span> <span class=\"meta-nav\">&rarr;<\/span><\/a><\/p>\n","protected":false},"featured_media":4672,"comment_status":"closed","ping_status":"closed","template":"","meta":[],"product_cat":[185,187,188,189,190],"product_tag":[],"class_list":{"0":"post-1688","1":"product","2":"type-product","3":"status-publish","4":"has-post-thumbnail","6":"product_cat-productos-de-limpieza","7":"product_cat-para-partes-cliches","8":"product_cat-para-cliches","9":"product_cat-en-maquina","10":"product_cat-para-grupo-entintador","11":"pa_filtre-etiqueta","12":"pa_pdf-https-www-recyl-com-wp-content-uploads-2025-02-recyl_tds_qw-flex_es_2025-02-pdf","14":"first","15":"instock","16":"shipping-taxable","17":"product-type-simple"},"_links":{"self":[{"href":"https:\/\/www.recyl.com\/es\/wp-json\/wp\/v2\/product\/1688"}],"collection":[{"href":"https:\/\/www.recyl.com\/es\/wp-json\/wp\/v2\/product"}],"about":[{"href":"https:\/\/www.recyl.com\/es\/wp-json\/wp\/v2\/types\/product"}],"replies":[{"embeddable":true,"href":"https:\/\/www.recyl.com\/es\/wp-json\/wp\/v2\/comments?post=1688"}],"wp:featuredmedia":[{"embeddable":true,"href":"https:\/\/www.recyl.com\/es\/wp-json\/wp\/v2\/media\/4672"}],"wp:attachment":[{"href":"https:\/\/www.recyl.com\/es\/wp-json\/wp\/v2\/media?parent=1688"}],"wp:term":[{"taxonomy":"product_cat","embeddable":true,"href":"https:\/\/www.recyl.com\/es\/wp-json\/wp\/v2\/product_cat?post=1688"},{"taxonomy":"product_tag","embeddable":true,"href":"https:\/\/www.recyl.com\/es\/wp-json\/wp\/v2\/product_tag?post=1688"}],"curies":[{"name":"wp","href":"https:\/\/api.w.org\/{rel}","templated":true}]}}