{"id":1690,"date":"2017-05-31T14:41:44","date_gmt":"2017-05-31T13:41:44","guid":{"rendered":"https:\/\/www.recyl.com\/es\/products\/non%20class\u00e9\/anilox-spray-cleaner\/"},"modified":"2024-08-01T14:28:10","modified_gmt":"2024-08-01T13:28:10","slug":"anilox-spray-cleaner","status":"publish","type":"product","link":"https:\/\/www.recyl.com\/es\/productos\/equipos-de-lavado\/para-cilindros-anilox\/anilox-spray-cleaner\/","title":{"rendered":"Anilox Spray Cleaner &#8211; Limpieza mediante pulverizaci\u00f3n"},"content":{"rendered":"<h3><strong>Anilox Spray Cleaner<\/strong>: lavado, aclarado y secado automatizados de los anilox<\/h3>\r\nEl <strong>Anilox Spray Cleaner<\/strong> es un equipamiento autom\u00e1tico dise\u00f1ado para limpiar los manguitos o cilindros anilox utilizados con tintas UV, disolvente o agua.\r\n\r\n&nbsp;\r\n\r\n&nbsp;\r\n\r\nEl procedimiento de limpieza contiene tres pasos:\r\n<ul>\r\n \t<li>pulverizaci\u00f3n del anilox con el producto de limpieza Recyl calentado (50 \u00b0 C),<\/li>\r\n \t<li>enjuague con agua a alta presi\u00f3n (80 a 100 bar),<\/li>\r\n \t<li>secado al aire comprimido (5 bar).<\/li>\r\n<\/ul>\r\n<a href=\"https:\/\/www.recyl.com\/wp-content\/uploads\/2017\/05\/Anilox-Cleaner-Inside.png\"><img loading=\"lazy\" decoding=\"async\" class=\" wp-image-1372 aligncenter\" src=\"https:\/\/www.recyl.com\/wp-content\/uploads\/2017\/05\/Anilox-Cleaner-Inside-300x255.png\" alt=\"Anilox Cleaner-Inside\" width=\"168\" height=\"143\" srcset=\"https:\/\/www.recyl.com\/wp-content\/uploads\/2017\/05\/Anilox-Cleaner-Inside-300x255.png 300w, https:\/\/www.recyl.com\/wp-content\/uploads\/2017\/05\/Anilox-Cleaner-Inside-180x153.png 180w, https:\/\/www.recyl.com\/wp-content\/uploads\/2017\/05\/Anilox-Cleaner-Inside.png 425w\" sizes=\"(max-width: 168px) 100vw, 168px\" \/><\/a>\r\n\r\nEl anilox es entonces inmediatamente listo para su almacenamiento o reutilizaci\u00f3n para otra tirada de impresi\u00f3n.\r\n\r\n&nbsp;\r\n\r\n&nbsp;\r\n\r\nLa gama <strong>Anilox Spray Cleaner <\/strong>est\u00e1 disponible en 4 modelos para longitudes de lavado m\u00e1ximas de 100, 180, 250 y 300 cm, por lo tanto, est\u00e1 bien adaptado a las diferentes necesidades de impresoras en los mercados de medios y grandes anchos.\r\n\r\n&nbsp;\r\n\r\n&nbsp;\r\n\r\nLa gama <strong>Anilox Spray Cleaner<\/strong> se utiliza con nuestro producto Recyl <a href=\"https:\/\/www.recyl.com\/es\/productos\/productos-de-limpieza\/en-maquina\/w200\/\" target=\"_blank\" rel=\"noopener\"><strong>W200<\/strong><\/a>, compatible con todos los tipos de tinta para cilindros cer\u00e1micos anilox o cromados, o con nuestro producto <a href=\"https:\/\/www.recyl.com\/es\/productos\/productos-de-limpieza\/en-maquina\/alu-clean-pro\/\" target=\"_blank\" rel=\"noopener\"><strong>Alu Clean Pro<\/strong><\/a>, especial para cilindros de aluminio.\r\n\r\n&nbsp;\r\n\r\n<img loading=\"lazy\" decoding=\"async\" class=\"alignnone wp-image-3050\" src=\"https:\/\/www.recyl.com\/wp-content\/uploads\/2020\/12\/New-ASC1800DL-ES.png\" alt=\"\" width=\"519\" height=\"257\" srcset=\"https:\/\/www.recyl.com\/wp-content\/uploads\/2020\/12\/New-ASC1800DL-ES.png 567w, https:\/\/www.recyl.com\/wp-content\/uploads\/2020\/12\/New-ASC1800DL-ES-300x149.png 300w, https:\/\/www.recyl.com\/wp-content\/uploads\/2020\/12\/New-ASC1800DL-ES-180x89.png 180w\" sizes=\"(max-width: 519px) 100vw, 519px\" \/>\r\n\r\n&nbsp;\r\n\r\n&nbsp;\r\n\r\n<em>Para m\u00e1s informaci\u00f3n, p\u00f3ngase en contacto con nuestro equipo comercial.<\/em>\r\n\r\n&nbsp;","protected":false},"excerpt":{"rendered":"<p>Anilox Spray Cleaner: lavado, aclarado y secado automatizados de los anilox El Anilox Spray Cleaner es un equipamiento autom\u00e1tico dise\u00f1ado para limpiar los manguitos o cilindros anilox utilizados con tintas UV, disolvente o agua. &nbsp; &nbsp; El procedimiento de limpieza contiene tres pasos: pulverizaci\u00f3n del anilox con el producto de limpieza Recyl calentado (50 \u00b0 &hellip; <a href=\"https:\/\/www.recyl.com\/es\/productos\/equipos-de-lavado\/para-cilindros-anilox\/anilox-spray-cleaner\/\" class=\"more-link\">Seguir leyendo <span class=\"screen-reader-text\">Anilox Spray Cleaner &#8211; Limpieza mediante pulverizaci\u00f3n<\/span> <span class=\"meta-nav\">&rarr;<\/span><\/a><\/p>\n","protected":false},"featured_media":3058,"comment_status":"closed","ping_status":"closed","template":"","meta":[],"product_cat":[173,191],"product_tag":[],"class_list":{"0":"post-1690","1":"product","2":"type-product","3":"status-publish","4":"has-post-thumbnail","6":"product_cat-para-cilindros-anilox","7":"product_cat-equipos-de-lavado","8":"pa_filtre-carton","9":"pa_filtre-embalaje-flexible","10":"pa_video-httpswww-youtube-comwatchv-_qf2-ictborel0-es","12":"first","13":"instock","14":"shipping-taxable","15":"product-type-simple"},"_links":{"self":[{"href":"https:\/\/www.recyl.com\/es\/wp-json\/wp\/v2\/product\/1690"}],"collection":[{"href":"https:\/\/www.recyl.com\/es\/wp-json\/wp\/v2\/product"}],"about":[{"href":"https:\/\/www.recyl.com\/es\/wp-json\/wp\/v2\/types\/product"}],"replies":[{"embeddable":true,"href":"https:\/\/www.recyl.com\/es\/wp-json\/wp\/v2\/comments?post=1690"}],"wp:featuredmedia":[{"embeddable":true,"href":"https:\/\/www.recyl.com\/es\/wp-json\/wp\/v2\/media\/3058"}],"wp:attachment":[{"href":"https:\/\/www.recyl.com\/es\/wp-json\/wp\/v2\/media?parent=1690"}],"wp:term":[{"taxonomy":"product_cat","embeddable":true,"href":"https:\/\/www.recyl.com\/es\/wp-json\/wp\/v2\/product_cat?post=1690"},{"taxonomy":"product_tag","embeddable":true,"href":"https:\/\/www.recyl.com\/es\/wp-json\/wp\/v2\/product_tag?post=1690"}],"curies":[{"name":"wp","href":"https:\/\/api.w.org\/{rel}","templated":true}]}}