{"id":1897,"date":"2019-12-19T11:43:46","date_gmt":"2019-12-20T13:07:45","guid":{"rendered":"https:\/\/www.recyl.com\/es\/?post_type=product&#038;p=1897"},"modified":"2024-04-21T22:27:02","modified_gmt":"2024-04-21T21:27:02","slug":"glue-remover-producto-de-limpieza-manual-para-colas","status":"publish","type":"product","link":"https:\/\/www.recyl.com\/es\/productos\/productos-de-limpieza\/glue-remover-producto-de-limpieza-manual-para-colas\/","title":{"rendered":"Glue Remover | Producto de limpieza manual para colas"},"content":{"rendered":"<h3>Glue Remover | Producto de limpieza manual para colas y resinas<\/h3>\r\n&nbsp;\r\n\r\n<strong>Glue Remover<\/strong> act\u00faa en diferentes tipos de pegamentos: solvente, UV, pegamento hot-melt.\r\n\r\n<strong>Pr\u00e1ctico y eficiente!<\/strong>\r\n\r\n&nbsp;\r\n\r\nEl producto <strong>Glue Remover<\/strong> est\u00e1 disponible en botella de 0,5 litros con spray.\r\n\r\nEs compatible con la impresi\u00f3n de embalajes de alimentos.\r\n\r\n&nbsp;\r\n\r\n&nbsp;\r\n\r\nPara m\u00e1s informaci\u00f3n, p\u00f3ngase en contacto con nuestro equipo comercial.","protected":false},"excerpt":{"rendered":"<p>Glue Remover | Producto de limpieza manual para colas y resinas &nbsp; Glue Remover act\u00faa en diferentes tipos de pegamentos: solvente, UV, pegamento hot-melt. Pr\u00e1ctico y eficiente! &nbsp; El producto Glue Remover est\u00e1 disponible en botella de 0,5 litros con spray. Es compatible con la impresi\u00f3n de embalajes de alimentos. &nbsp; &nbsp; Para m\u00e1s informaci\u00f3n, &hellip; <a href=\"https:\/\/www.recyl.com\/es\/productos\/productos-de-limpieza\/glue-remover-producto-de-limpieza-manual-para-colas\/\" class=\"more-link\">Seguir leyendo <span class=\"screen-reader-text\">Glue Remover | Producto de limpieza manual para colas<\/span> <span class=\"meta-nav\">&rarr;<\/span><\/a><\/p>\n","protected":false},"featured_media":1886,"comment_status":"closed","ping_status":"closed","template":"","meta":[],"product_cat":[185],"product_tag":[],"class_list":{"0":"post-1897","1":"product","2":"type-product","3":"status-publish","4":"has-post-thumbnail","6":"product_cat-productos-de-limpieza","7":"pa_filtre-carton","8":"pa_filtre-embalaje-flexible","9":"pa_filtre-etiqueta","10":"pa_filtre-offset","12":"first","13":"instock","14":"shipping-taxable","15":"product-type-simple"},"_links":{"self":[{"href":"https:\/\/www.recyl.com\/es\/wp-json\/wp\/v2\/product\/1897"}],"collection":[{"href":"https:\/\/www.recyl.com\/es\/wp-json\/wp\/v2\/product"}],"about":[{"href":"https:\/\/www.recyl.com\/es\/wp-json\/wp\/v2\/types\/product"}],"replies":[{"embeddable":true,"href":"https:\/\/www.recyl.com\/es\/wp-json\/wp\/v2\/comments?post=1897"}],"wp:featuredmedia":[{"embeddable":true,"href":"https:\/\/www.recyl.com\/es\/wp-json\/wp\/v2\/media\/1886"}],"wp:attachment":[{"href":"https:\/\/www.recyl.com\/es\/wp-json\/wp\/v2\/media?parent=1897"}],"wp:term":[{"taxonomy":"product_cat","embeddable":true,"href":"https:\/\/www.recyl.com\/es\/wp-json\/wp\/v2\/product_cat?post=1897"},{"taxonomy":"product_tag","embeddable":true,"href":"https:\/\/www.recyl.com\/es\/wp-json\/wp\/v2\/product_tag?post=1897"}],"curies":[{"name":"wp","href":"https:\/\/api.w.org\/{rel}","templated":true}]}}