{"id":4533,"date":"2024-05-18T21:58:58","date_gmt":"2024-05-18T21:20:27","guid":{"rendered":"https:\/\/www.recyl.com\/?post_type=product&#038;p=4533"},"modified":"2024-08-06T14:37:21","modified_gmt":"2024-08-06T13:37:21","slug":"cepillos-de-laton","status":"publish","type":"product","link":"https:\/\/www.recyl.com\/es\/productos\/accesorios\/cepillos-es\/cepillos-de-laton\/","title":{"rendered":"Cepillo de lat\u00f3n"},"content":{"rendered":"<h3><span style=\"color: #808080;\"><strong>Cepillo de lat\u00f3n<\/strong>: para anilox cromados<\/span><\/h3>\r\nEl <strong>cepillo de LAT\u00d3N<\/strong> se reserva exclusivamente a la limpieza de los<strong> anilox cromados<\/strong> (flexo y helio).\r\n\r\nEs adecuado para todo tipo de tinta.\r\n\r\n&nbsp;\r\n\r\n<span style=\"text-decoration: underline;\">Caracter\u00edsticas<\/span>:\r\n\r\n&#8211; Finura de las fibras \u00fanica (0,076 mm) = gran flexibilidad + limpieza a fondo de los alv\u00e9olos,\r\n\r\n&#8211; Cuerpo en madera o PVC: resiste a los disolventes y al agua\r\n\r\n&nbsp;\r\n\r\n&nbsp;\r\n\r\nNuestros cepillos de lat\u00f3n se utilizan con nuestros productos de mantenimiento y limpieza para anilox: Recyl CLEAN 2000 y CLEAN PLUS.\r\n\r\n&nbsp;\r\n\r\n&nbsp;\r\n\r\n<em>Para m\u00e1s informaci\u00f3n, p\u00f3ngase en contacto con nuestro equipo comercial.<\/em>\r\n\r\n&nbsp;","protected":false},"excerpt":{"rendered":"<p>Cepillo de lat\u00f3n: para anilox cromados El cepillo de LAT\u00d3N se reserva exclusivamente a la limpieza de los anilox cromados (flexo y helio). Es adecuado para todo tipo de tinta. &nbsp; Caracter\u00edsticas: &#8211; Finura de las fibras \u00fanica (0,076 mm) = gran flexibilidad + limpieza a fondo de los alv\u00e9olos, &#8211; Cuerpo en madera o &hellip; <a href=\"https:\/\/www.recyl.com\/es\/productos\/accesorios\/cepillos-es\/cepillos-de-laton\/\" class=\"more-link\">Seguir leyendo <span class=\"screen-reader-text\">Cepillo de lat\u00f3n<\/span> <span class=\"meta-nav\">&rarr;<\/span><\/a><\/p>\n","protected":false},"featured_media":4842,"comment_status":"closed","ping_status":"closed","template":"","meta":[],"product_cat":[531,179],"product_tag":[545,546,547,548],"class_list":{"0":"post-4533","1":"product","2":"type-product","3":"status-publish","4":"has-post-thumbnail","6":"product_cat-cepillos-es","7":"product_cat-accesorios","8":"product_tag-cartulina","9":"product_tag-embalaje-blando","10":"product_tag-etiqueta","11":"product_tag-offset","12":"pa_filtre-carton","13":"pa_filtre-embalaje-flexible","14":"pa_filtre-etiqueta","15":"pa_filtre-offset","16":"pa_pdf-https-www-recyl-com-wp-content-uploads-2024-06-ficha_cepillos-es-pdf","18":"first","19":"instock","20":"shipping-taxable","21":"product-type-simple"},"_links":{"self":[{"href":"https:\/\/www.recyl.com\/es\/wp-json\/wp\/v2\/product\/4533"}],"collection":[{"href":"https:\/\/www.recyl.com\/es\/wp-json\/wp\/v2\/product"}],"about":[{"href":"https:\/\/www.recyl.com\/es\/wp-json\/wp\/v2\/types\/product"}],"replies":[{"embeddable":true,"href":"https:\/\/www.recyl.com\/es\/wp-json\/wp\/v2\/comments?post=4533"}],"wp:featuredmedia":[{"embeddable":true,"href":"https:\/\/www.recyl.com\/es\/wp-json\/wp\/v2\/media\/4842"}],"wp:attachment":[{"href":"https:\/\/www.recyl.com\/es\/wp-json\/wp\/v2\/media?parent=4533"}],"wp:term":[{"taxonomy":"product_cat","embeddable":true,"href":"https:\/\/www.recyl.com\/es\/wp-json\/wp\/v2\/product_cat?post=4533"},{"taxonomy":"product_tag","embeddable":true,"href":"https:\/\/www.recyl.com\/es\/wp-json\/wp\/v2\/product_tag?post=4533"}],"curies":[{"name":"wp","href":"https:\/\/api.w.org\/{rel}","templated":true}]}}