{"id":5892,"date":"2025-03-10T17:05:18","date_gmt":"2025-03-10T16:05:18","guid":{"rendered":"https:\/\/www.recyl.com\/?post_type=product&#038;p=5892"},"modified":"2025-03-10T17:06:18","modified_gmt":"2025-03-10T16:06:18","slug":"quickwash-resolv-nuevo-producto-de-limpieza-para-planchas","status":"publish","type":"product","link":"https:\/\/www.recyl.com\/es\/productos\/productos-de-limpieza\/para-cliches\/quickwash-resolv-nuevo-producto-de-limpieza-para-planchas\/","title":{"rendered":"Quick&#8217;Wash Resolv &#8211; Nuevo producto de limpieza para planchas"},"content":{"rendered":"<h3><img loading=\"lazy\" decoding=\"async\" class=\"alignnone wp-image-5888\" src=\"https:\/\/www.recyl.com\/wp-content\/uploads\/2025\/03\/Picto-NUEVO.png\" alt=\"\" width=\"150\" height=\"36\" \/><\/h3>\r\n<h3><span style=\"color: #808080;\"><strong>Quick&#8217;Wash Resolv<\/strong>: producto de limpieza para planchas en el embalaje flexible\r\n<\/span><\/h3>\r\nEl producto de limpieza <strong>Quick&#8217;Wash Resolv<\/strong> es particularmente adecuado para la limpieza de las planchas utilizadas con tintas a base de disolventes en el mercado de embalaje flexible.\r\n\r\nTambi\u00e9n es adecuado para la limpieza diaria de diversas piezas sucias con tinta solvente, manualmente o en fuente de lavado.\r\n\r\n&nbsp;\r\n\r\n&nbsp;\r\n\r\n<strong>Propiedades:<\/strong>\r\n<ul>\r\n \t<li style=\"list-style-type: none;\">\r\n<ul>\r\n \t<li>pH neutro<\/li>\r\n \t<li>Producto vers\u00e1til<\/li>\r\n \t<li>Secado r\u00e1pido<\/li>\r\n \t<li>No inflamable: sin restricciones de almacenamiento y uso<\/li>\r\n \t<li>El producto no est\u00e1 clasificado como peligroso de acuerdo con el Reglamento (CE) n\u00b0 1272\/2008 y sus adaptaciones<\/li>\r\n<\/ul>\r\n<\/li>\r\n<\/ul>\r\n&nbsp;\r\n\r\n&nbsp;\r\n\r\n<strong>Instrucciones de uso:<\/strong>\r\n<ul>\r\n \t<li style=\"list-style-type: none;\">\r\n<ul>\r\n \t<li>Producto listo para usar<\/li>\r\n \t<li>Limpieza manual :\r\n&#8211; Aplicar -con guantes- el producto directamente sobre la plancha sucia. Dejar actuar unos minutos. Enjuagar con agua limpia\r\n&#8211; Para obtener mejores resultados, cepillar la superficie con un cepillo RECYL adecuado<\/li>\r\n \t<li>Limpieza en lavadora: consultar el manual de instrucciones de la m\u00e1quina (tipo <a href=\"https:\/\/www.recyl.com\/es\/productos\/equipos-de-lavado\/para-cliches-es\/cliche-cleaner-nettoyage-cliches\/\" target=\"_blank\" rel=\"noopener\">Clich\u00e9 Cleaner<\/a>)<\/li>\r\n<\/ul>\r\n<\/li>\r\n<\/ul>\r\n&nbsp;\r\n\r\n<strong>Embalaje<\/strong>: <span style=\"color: #000000;\"><strong>Quick&#8217;Wash Resolv<\/strong> est\u00e1 disponible en bidones de HDPE de 20L, tambores de 220L o IBC de 1000L.<\/span>\r\n\r\n&nbsp;\r\n\r\n&nbsp;\r\n\r\n<em>Para m\u00e1s informaci\u00f3n, p\u00f3ngase en contacto con nuestro equipo comercial.<\/em>\r\n\r\n&nbsp;","protected":false},"excerpt":{"rendered":"<p>Quick&#8217;Wash Resolv: producto de limpieza para planchas en el embalaje flexible El producto de limpieza Quick&#8217;Wash Resolv es particularmente adecuado para la limpieza de las planchas utilizadas con tintas a base de disolventes en el mercado de embalaje flexible. Tambi\u00e9n es adecuado para la limpieza diaria de diversas piezas sucias con tinta solvente, manualmente o &hellip; <a href=\"https:\/\/www.recyl.com\/es\/productos\/productos-de-limpieza\/para-cliches\/quickwash-resolv-nuevo-producto-de-limpieza-para-planchas\/\" class=\"more-link\">Seguir leyendo <span class=\"screen-reader-text\">Quick&#8217;Wash Resolv &#8211; Nuevo producto de limpieza para planchas<\/span> <span class=\"meta-nav\">&rarr;<\/span><\/a><\/p>\n","protected":false},"featured_media":5560,"comment_status":"closed","ping_status":"closed","template":"","meta":[],"product_cat":[185,188,196],"product_tag":[],"class_list":{"0":"post-5892","1":"product","2":"type-product","3":"status-publish","4":"has-post-thumbnail","6":"product_cat-productos-de-limpieza","7":"product_cat-para-cliches","8":"product_cat-novedades","9":"pa_filtre-embalaje-flexible","10":"pa_pdf-https-www-recyl-com-wp-content-uploads-2025-03-recyl_tds_qw-resolv_en_2025-02-pdf-es","11":"pa_pdf-https-www-recyl-com-wp-content-uploads-2025-03-recyl_tds_qw-resolv_es_2025-02-pdf","13":"first","14":"instock","15":"shipping-taxable","16":"product-type-simple"},"_links":{"self":[{"href":"https:\/\/www.recyl.com\/es\/wp-json\/wp\/v2\/product\/5892"}],"collection":[{"href":"https:\/\/www.recyl.com\/es\/wp-json\/wp\/v2\/product"}],"about":[{"href":"https:\/\/www.recyl.com\/es\/wp-json\/wp\/v2\/types\/product"}],"replies":[{"embeddable":true,"href":"https:\/\/www.recyl.com\/es\/wp-json\/wp\/v2\/comments?post=5892"}],"wp:featuredmedia":[{"embeddable":true,"href":"https:\/\/www.recyl.com\/es\/wp-json\/wp\/v2\/media\/5560"}],"wp:attachment":[{"href":"https:\/\/www.recyl.com\/es\/wp-json\/wp\/v2\/media?parent=5892"}],"wp:term":[{"taxonomy":"product_cat","embeddable":true,"href":"https:\/\/www.recyl.com\/es\/wp-json\/wp\/v2\/product_cat?post=5892"},{"taxonomy":"product_tag","embeddable":true,"href":"https:\/\/www.recyl.com\/es\/wp-json\/wp\/v2\/product_tag?post=5892"}],"curies":[{"name":"wp","href":"https:\/\/api.w.org\/{rel}","templated":true}]}}